{"id":132,"date":"2024-10-21T02:36:14","date_gmt":"2024-10-21T02:36:14","guid":{"rendered":"https:\/\/megabodas.com.mx\/?page_id=132"},"modified":"2024-10-21T02:56:22","modified_gmt":"2024-10-21T02:56:22","slug":"galeria","status":"publish","type":"page","link":"https:\/\/megabodas.com.mx\/index.php\/galeria\/","title":{"rendered":"GALERIA"},"content":{"rendered":"\t\t<div data-elementor-type=\"wp-page\" data-elementor-id=\"132\" class=\"elementor elementor-132\">\n\t\t\t\t<div class=\"elementor-element elementor-element-3f38759c e-flex e-con-boxed e-con e-parent\" data-id=\"3f38759c\" data-element_type=\"container\" data-settings=\"{&quot;background_background&quot;:&quot;classic&quot;}\">\n\t\t\t\t\t<div class=\"e-con-inner\">\n\t\t\t\t<div class=\"elementor-element elementor-element-3ff99436 elementor-widget elementor-widget-spacer\" data-id=\"3ff99436\" data-element_type=\"widget\" data-widget_type=\"spacer.default\">\n\t\t\t\t<div class=\"elementor-widget-container\">\n\t\t\t\t\t<div class=\"elementor-spacer\">\n\t\t\t<div class=\"elementor-spacer-inner\"><\/div>\n\t\t<\/div>\n\t\t\t\t<\/div>\n\t\t\t\t<\/div>\n\t\t\t\t\t<\/div>\n\t\t\t\t<\/div>\n\t\t<div class=\"elementor-element elementor-element-4e0ee933 e-flex e-con-boxed e-con e-parent\" data-id=\"4e0ee933\" data-element_type=\"container\" data-settings=\"{&quot;background_background&quot;:&quot;classic&quot;}\">\n\t\t\t\t\t<div class=\"e-con-inner\">\n\t\t\t\t<div class=\"elementor-element elementor-element-19ddaa1b elementor-widget elementor-widget-heading\" data-id=\"19ddaa1b\" data-element_type=\"widget\" data-widget_type=\"heading.default\">\n\t\t\t\t<div class=\"elementor-widget-container\">\n\t\t\t<h2 class=\"elementor-heading-title elementor-size-default\">Bienvenidos a Mega Bodas Canc\u00fan, somos un equipo profesional con mas de 15 a\u00f1os de experiencia en organizaci\u00f3n de eventos sociales y empresariales del mejor nivel, contamos con una amplia variedad de servicios a su disposici\u00f3n para que no se preocupe por nada, seriedad, puntualidad y atenci\u00f3n, son parte de nuestro talento.<\/h2>\t\t<\/div>\n\t\t\t\t<\/div>\n\t\t\t\t<div class=\"elementor-element elementor-element-331041a3 elementor-widget elementor-widget-spacer\" data-id=\"331041a3\" data-element_type=\"widget\" data-widget_type=\"spacer.default\">\n\t\t\t\t<div class=\"elementor-widget-container\">\n\t\t\t\t\t<div class=\"elementor-spacer\">\n\t\t\t<div class=\"elementor-spacer-inner\"><\/div>\n\t\t<\/div>\n\t\t\t\t<\/div>\n\t\t\t\t<\/div>\n\t\t\t\t<div class=\"elementor-element elementor-element-1a72142b elementor-widget elementor-widget-heading\" data-id=\"1a72142b\" data-element_type=\"widget\" data-widget_type=\"heading.default\">\n\t\t\t\t<div class=\"elementor-widget-container\">\n\t\t\t<h2 class=\"elementor-heading-title elementor-size-default\">Identifique por favor, cuales son los servicios que le gustar\u00eda estuvieran presentes en su evento y h\u00e1ganoslo saber.<\/h2>\t\t<\/div>\n\t\t\t\t<\/div>\n\t\t\t\t\t<\/div>\n\t\t\t\t<\/div>\n\t\t<div class=\"elementor-element elementor-element-45fa2123 e-flex e-con-boxed e-con e-parent\" data-id=\"45fa2123\" data-element_type=\"container\" data-settings=\"{&quot;background_background&quot;:&quot;classic&quot;}\">\n\t\t\t\t\t<div class=\"e-con-inner\">\n\t\t\t\t<div class=\"elementor-element elementor-element-555e9d8d elementor-widget elementor-widget-spacer\" data-id=\"555e9d8d\" data-element_type=\"widget\" data-widget_type=\"spacer.default\">\n\t\t\t\t<div class=\"elementor-widget-container\">\n\t\t\t\t\t<div class=\"elementor-spacer\">\n\t\t\t<div class=\"elementor-spacer-inner\"><\/div>\n\t\t<\/div>\n\t\t\t\t<\/div>\n\t\t\t\t<\/div>\n\t\t\t\t\t<\/div>\n\t\t\t\t<\/div>\n\t\t<div class=\"elementor-element elementor-element-43d0c059 e-flex e-con-boxed e-con e-parent\" data-id=\"43d0c059\" data-element_type=\"container\" data-settings=\"{&quot;background_background&quot;:&quot;classic&quot;}\">\n\t\t\t\t\t<div class=\"e-con-inner\">\n\t\t\t\t<div class=\"elementor-element elementor-element-790c75fd elementor-widget elementor-widget-spacer\" data-id=\"790c75fd\" data-element_type=\"widget\" data-widget_type=\"spacer.default\">\n\t\t\t\t<div class=\"elementor-widget-container\">\n\t\t\t\t\t<div class=\"elementor-spacer\">\n\t\t\t<div class=\"elementor-spacer-inner\"><\/div>\n\t\t<\/div>\n\t\t\t\t<\/div>\n\t\t\t\t<\/div>\n\t\t\t\t\t<\/div>\n\t\t\t\t<\/div>\n\t\t<div class=\"elementor-element elementor-element-378dbfd7 e-flex e-con-boxed e-con e-parent\" data-id=\"378dbfd7\" data-element_type=\"container\" data-settings=\"{&quot;background_background&quot;:&quot;classic&quot;}\">\n\t\t\t\t\t<div class=\"e-con-inner\">\n\t\t\t\t<div class=\"elementor-element elementor-element-7cd24129 elementor-widget elementor-widget-spacer\" data-id=\"7cd24129\" data-element_type=\"widget\" data-widget_type=\"spacer.default\">\n\t\t\t\t<div class=\"elementor-widget-container\">\n\t\t\t\t\t<div class=\"elementor-spacer\">\n\t\t\t<div class=\"elementor-spacer-inner\"><\/div>\n\t\t<\/div>\n\t\t\t\t<\/div>\n\t\t\t\t<\/div>\n\t\t\t\t\t<\/div>\n\t\t\t\t<\/div>\n\t\t<div class=\"elementor-element elementor-element-3453a60 e-flex e-con-boxed e-con e-parent\" data-id=\"3453a60\" data-element_type=\"container\" data-settings=\"{&quot;background_background&quot;:&quot;classic&quot;}\">\n\t\t\t\t\t<div class=\"e-con-inner\">\n\t\t\t\t<div class=\"elementor-element elementor-element-473e3a3 gallery-spacing-custom elementor-widget elementor-widget-image-gallery\" data-id=\"473e3a3\" data-element_type=\"widget\" data-widget_type=\"image-gallery.default\">\n\t\t\t\t<div class=\"elementor-widget-container\">\n\t\t\t\t\t<div class=\"elementor-image-gallery\">\n\t\t\t<div id='gallery-1' class='gallery galleryid-132 gallery-columns-4 gallery-size-full'><figure class='gallery-item'>\n\t\t\t<div class='gallery-icon portrait'>\n\t\t\t\t<a data-elementor-open-lightbox=\"yes\" data-elementor-lightbox-slideshow=\"473e3a3\" data-elementor-lightbox-title=\"51\" data-e-action-hash=\"#elementor-action%3Aaction%3Dlightbox%26settings%3DeyJpZCI6MTM0LCJ1cmwiOiJodHRwczpcL1wvbWVnYWJvZGFzLmNvbS5teFwvd3AtY29udGVudFwvdXBsb2Fkc1wvMjAyNFwvMTBcLzUxLmpwZWciLCJzbGlkZXNob3ciOiI0NzNlM2EzIn0%3D\" href='https:\/\/megabodas.com.mx\/wp-content\/uploads\/2024\/10\/51.jpeg'><img fetchpriority=\"high\" decoding=\"async\" width=\"852\" height=\"1280\" src=\"https:\/\/megabodas.com.mx\/wp-content\/uploads\/2024\/10\/51.jpeg\" class=\"attachment-full size-full\" alt=\"\" srcset=\"https:\/\/megabodas.com.mx\/wp-content\/uploads\/2024\/10\/51.jpeg 852w, https:\/\/megabodas.com.mx\/wp-content\/uploads\/2024\/10\/51-200x300.jpeg 200w, https:\/\/megabodas.com.mx\/wp-content\/uploads\/2024\/10\/51-682x1024.jpeg 682w, https:\/\/megabodas.com.mx\/wp-content\/uploads\/2024\/10\/51-768x1154.jpeg 768w\" sizes=\"(max-width: 852px) 100vw, 852px\" \/><\/a>\n\t\t\t<\/div><\/figure><figure class='gallery-item'>\n\t\t\t<div class='gallery-icon portrait'>\n\t\t\t\t<a data-elementor-open-lightbox=\"yes\" data-elementor-lightbox-slideshow=\"473e3a3\" data-elementor-lightbox-title=\"52\" data-e-action-hash=\"#elementor-action%3Aaction%3Dlightbox%26settings%3DeyJpZCI6MTM1LCJ1cmwiOiJodHRwczpcL1wvbWVnYWJvZGFzLmNvbS5teFwvd3AtY29udGVudFwvdXBsb2Fkc1wvMjAyNFwvMTBcLzUyLmpwZWciLCJzbGlkZXNob3ciOiI0NzNlM2EzIn0%3D\" href='https:\/\/megabodas.com.mx\/wp-content\/uploads\/2024\/10\/52.jpeg'><img decoding=\"async\" width=\"852\" height=\"1280\" src=\"https:\/\/megabodas.com.mx\/wp-content\/uploads\/2024\/10\/52.jpeg\" class=\"attachment-full size-full\" alt=\"\" srcset=\"https:\/\/megabodas.com.mx\/wp-content\/uploads\/2024\/10\/52.jpeg 852w, https:\/\/megabodas.com.mx\/wp-content\/uploads\/2024\/10\/52-200x300.jpeg 200w, https:\/\/megabodas.com.mx\/wp-content\/uploads\/2024\/10\/52-682x1024.jpeg 682w, https:\/\/megabodas.com.mx\/wp-content\/uploads\/2024\/10\/52-768x1154.jpeg 768w\" sizes=\"(max-width: 852px) 100vw, 852px\" \/><\/a>\n\t\t\t<\/div><\/figure><figure class='gallery-item'>\n\t\t\t<div class='gallery-icon portrait'>\n\t\t\t\t<a data-elementor-open-lightbox=\"yes\" data-elementor-lightbox-slideshow=\"473e3a3\" data-elementor-lightbox-title=\"53\" data-e-action-hash=\"#elementor-action%3Aaction%3Dlightbox%26settings%3DeyJpZCI6MTM2LCJ1cmwiOiJodHRwczpcL1wvbWVnYWJvZGFzLmNvbS5teFwvd3AtY29udGVudFwvdXBsb2Fkc1wvMjAyNFwvMTBcLzUzLmpwZWciLCJzbGlkZXNob3ciOiI0NzNlM2EzIn0%3D\" href='https:\/\/megabodas.com.mx\/wp-content\/uploads\/2024\/10\/53.jpeg'><img decoding=\"async\" width=\"852\" height=\"1280\" src=\"https:\/\/megabodas.com.mx\/wp-content\/uploads\/2024\/10\/53.jpeg\" class=\"attachment-full size-full\" alt=\"\" srcset=\"https:\/\/megabodas.com.mx\/wp-content\/uploads\/2024\/10\/53.jpeg 852w, https:\/\/megabodas.com.mx\/wp-content\/uploads\/2024\/10\/53-200x300.jpeg 200w, https:\/\/megabodas.com.mx\/wp-content\/uploads\/2024\/10\/53-682x1024.jpeg 682w, https:\/\/megabodas.com.mx\/wp-content\/uploads\/2024\/10\/53-768x1154.jpeg 768w\" sizes=\"(max-width: 852px) 100vw, 852px\" \/><\/a>\n\t\t\t<\/div><\/figure><figure class='gallery-item'>\n\t\t\t<div class='gallery-icon portrait'>\n\t\t\t\t<a data-elementor-open-lightbox=\"yes\" data-elementor-lightbox-slideshow=\"473e3a3\" data-elementor-lightbox-title=\"54\" data-e-action-hash=\"#elementor-action%3Aaction%3Dlightbox%26settings%3DeyJpZCI6MTM3LCJ1cmwiOiJodHRwczpcL1wvbWVnYWJvZGFzLmNvbS5teFwvd3AtY29udGVudFwvdXBsb2Fkc1wvMjAyNFwvMTBcLzU0LmpwZWciLCJzbGlkZXNob3ciOiI0NzNlM2EzIn0%3D\" href='https:\/\/megabodas.com.mx\/wp-content\/uploads\/2024\/10\/54.jpeg'><img loading=\"lazy\" decoding=\"async\" width=\"852\" height=\"1280\" src=\"https:\/\/megabodas.com.mx\/wp-content\/uploads\/2024\/10\/54.jpeg\" class=\"attachment-full size-full\" alt=\"\" srcset=\"https:\/\/megabodas.com.mx\/wp-content\/uploads\/2024\/10\/54.jpeg 852w, https:\/\/megabodas.com.mx\/wp-content\/uploads\/2024\/10\/54-200x300.jpeg 200w, https:\/\/megabodas.com.mx\/wp-content\/uploads\/2024\/10\/54-682x1024.jpeg 682w, https:\/\/megabodas.com.mx\/wp-content\/uploads\/2024\/10\/54-768x1154.jpeg 768w\" sizes=\"(max-width: 852px) 100vw, 852px\" \/><\/a>\n\t\t\t<\/div><\/figure>\n\t\t<\/div>\n\t\t<\/div>\n\t\t\t\t<\/div>\n\t\t\t\t<\/div>\n\t\t\t\t\t<\/div>\n\t\t\t\t<\/div>\n\t\t<div class=\"elementor-element elementor-element-69a0e29 e-flex e-con-boxed e-con e-parent\" data-id=\"69a0e29\" data-element_type=\"container\" data-settings=\"{&quot;background_background&quot;:&quot;classic&quot;}\">\n\t\t\t\t\t<div class=\"e-con-inner\">\n\t\t\t\t<div class=\"elementor-element elementor-element-ce6905d elementor-widget elementor-widget-spacer\" data-id=\"ce6905d\" data-element_type=\"widget\" data-widget_type=\"spacer.default\">\n\t\t\t\t<div class=\"elementor-widget-container\">\n\t\t\t\t\t<div class=\"elementor-spacer\">\n\t\t\t<div class=\"elementor-spacer-inner\"><\/div>\n\t\t<\/div>\n\t\t\t\t<\/div>\n\t\t\t\t<\/div>\n\t\t\t\t\t<\/div>\n\t\t\t\t<\/div>\n\t\t<div class=\"elementor-element elementor-element-90ee3e8 e-flex e-con-boxed e-con e-parent\" data-id=\"90ee3e8\" data-element_type=\"container\" data-settings=\"{&quot;background_background&quot;:&quot;classic&quot;}\">\n\t\t\t\t\t<div class=\"e-con-inner\">\n\t\t<div class=\"elementor-element elementor-element-c702da3 e-con-full e-flex e-con e-child\" data-id=\"c702da3\" data-element_type=\"container\">\n\t\t\t\t<div class=\"elementor-element elementor-element-f941fc7 elementor-widget elementor-widget-video\" data-id=\"f941fc7\" data-element_type=\"widget\" data-settings=\"{&quot;youtube_url&quot;:&quot;https:\\\/\\\/youtu.be\\\/ZlbisL0A1wk?si=BtO2jxwLXtxMmb0T&quot;,&quot;video_type&quot;:&quot;youtube&quot;}\" data-widget_type=\"video.default\">\n\t\t\t\t<div class=\"elementor-widget-container\">\n\t\t\t\t\t<div class=\"elementor-wrapper elementor-open-inline\">\n\t\t\t<div class=\"elementor-video\"><\/div>\t\t<\/div>\n\t\t\t\t<\/div>\n\t\t\t\t<\/div>\n\t\t\t\t<\/div>\n\t\t<div class=\"elementor-element elementor-element-4942843 e-con-full e-flex e-con e-child\" data-id=\"4942843\" data-element_type=\"container\">\n\t\t\t\t<div class=\"elementor-element elementor-element-df72046 elementor-widget elementor-widget-video\" data-id=\"df72046\" data-element_type=\"widget\" data-settings=\"{&quot;youtube_url&quot;:&quot;https:\\\/\\\/youtu.be\\\/XA6WSrazyRs?si=90FiCEdoGq_IvgkZ&quot;,&quot;video_type&quot;:&quot;youtube&quot;}\" data-widget_type=\"video.default\">\n\t\t\t\t<div class=\"elementor-widget-container\">\n\t\t\t\t\t<div class=\"elementor-wrapper elementor-open-inline\">\n\t\t\t<div class=\"elementor-video\"><\/div>\t\t<\/div>\n\t\t\t\t<\/div>\n\t\t\t\t<\/div>\n\t\t\t\t<\/div>\n\t\t\t\t\t<\/div>\n\t\t\t\t<\/div>\n\t\t<div class=\"elementor-element elementor-element-166eb46e e-flex e-con-boxed e-con e-parent\" data-id=\"166eb46e\" data-element_type=\"container\" data-settings=\"{&quot;background_background&quot;:&quot;classic&quot;}\">\n\t\t\t\t\t<div class=\"e-con-inner\">\n\t\t\t\t<div class=\"elementor-element elementor-element-3a764f0b elementor-widget elementor-widget-spacer\" data-id=\"3a764f0b\" data-element_type=\"widget\" data-widget_type=\"spacer.default\">\n\t\t\t\t<div class=\"elementor-widget-container\">\n\t\t\t\t\t<div class=\"elementor-spacer\">\n\t\t\t<div class=\"elementor-spacer-inner\"><\/div>\n\t\t<\/div>\n\t\t\t\t<\/div>\n\t\t\t\t<\/div>\n\t\t\t\t\t<\/div>\n\t\t\t\t<\/div>\n\t\t\t\t<\/div>\n\t\t","protected":false},"excerpt":{"rendered":"<p>Bienvenidos a Mega Bodas Canc\u00fan, somos un equipo profesional con mas de 15 a\u00f1os de experiencia en organizaci\u00f3n de eventos [&hellip;]<\/p>\n","protected":false},"author":1,"featured_media":0,"parent":0,"menu_order":0,"comment_status":"closed","ping_status":"closed","template":"","meta":{"site-sidebar-layout":"no-sidebar","site-content-layout":"","ast-site-content-layout":"full-width-container","site-content-style":"default","site-sidebar-style":"default","ast-global-header-display":"","ast-banner-title-visibility":"","ast-main-header-display":"","ast-hfb-above-header-display":"","ast-hfb-below-header-display":"","ast-hfb-mobile-header-display":"","site-post-title":"disabled","ast-breadcrumbs-content":"","ast-featured-img":"disabled","footer-sml-layout":"","theme-transparent-header-meta":"","adv-header-id-meta":"","stick-header-meta":"","header-above-stick-meta":"","header-main-stick-meta":"","header-below-stick-meta":"","astra-migrate-meta-layouts":"default","ast-page-background-enabled":"default","ast-page-background-meta":{"desktop":{"background-color":"var(--ast-global-color-4)","background-image":"","background-repeat":"repeat","background-position":"center center","background-size":"auto","background-attachment":"scroll","background-type":"","background-media":"","overlay-type":"","overlay-color":"","overlay-opacity":"","overlay-gradient":""},"tablet":{"background-color":"","background-image":"","background-repeat":"repeat","background-position":"center center","background-size":"auto","background-attachment":"scroll","background-type":"","background-media":"","overlay-type":"","overlay-color":"","overlay-opacity":"","overlay-gradient":""},"mobile":{"background-color":"","background-image":"","background-repeat":"repeat","background-position":"center center","background-size":"auto","background-attachment":"scroll","background-type":"","background-media":"","overlay-type":"","overlay-color":"","overlay-opacity":"","overlay-gradient":""}},"ast-content-background-meta":{"desktop":{"background-color":"var(--ast-global-color-5)","background-image":"","background-repeat":"repeat","background-position":"center center","background-size":"auto","background-attachment":"scroll","background-type":"","background-media":"","overlay-type":"","overlay-color":"","overlay-opacity":"","overlay-gradient":""},"tablet":{"background-color":"var(--ast-global-color-5)","background-image":"","background-repeat":"repeat","background-position":"center center","background-size":"auto","background-attachment":"scroll","background-type":"","background-media":"","overlay-type":"","overlay-color":"","overlay-opacity":"","overlay-gradient":""},"mobile":{"background-color":"var(--ast-global-color-5)","background-image":"","background-repeat":"repeat","background-position":"center center","background-size":"auto","background-attachment":"scroll","background-type":"","background-media":"","overlay-type":"","overlay-color":"","overlay-opacity":"","overlay-gradient":""}},"_joinchat":[],"footnotes":""},"class_list":["post-132","page","type-page","status-publish","hentry"],"_links":{"self":[{"href":"https:\/\/megabodas.com.mx\/index.php\/wp-json\/wp\/v2\/pages\/132","targetHints":{"allow":["GET"]}}],"collection":[{"href":"https:\/\/megabodas.com.mx\/index.php\/wp-json\/wp\/v2\/pages"}],"about":[{"href":"https:\/\/megabodas.com.mx\/index.php\/wp-json\/wp\/v2\/types\/page"}],"author":[{"embeddable":true,"href":"https:\/\/megabodas.com.mx\/index.php\/wp-json\/wp\/v2\/users\/1"}],"replies":[{"embeddable":true,"href":"https:\/\/megabodas.com.mx\/index.php\/wp-json\/wp\/v2\/comments?post=132"}],"version-history":[{"count":10,"href":"https:\/\/megabodas.com.mx\/index.php\/wp-json\/wp\/v2\/pages\/132\/revisions"}],"predecessor-version":[{"id":147,"href":"https:\/\/megabodas.com.mx\/index.php\/wp-json\/wp\/v2\/pages\/132\/revisions\/147"}],"wp:attachment":[{"href":"https:\/\/megabodas.com.mx\/index.php\/wp-json\/wp\/v2\/media?parent=132"}],"curies":[{"name":"wp","href":"https:\/\/api.w.org\/{rel}","templated":true}]}}